{"id":16590,"date":"2018-06-05T21:11:53","date_gmt":"2018-06-05T20:11:53","guid":{"rendered":"https:\/\/opticavalero.com\/es\/?page_id=16590"},"modified":"2023-10-24T12:57:09","modified_gmt":"2023-10-24T11:57:09","slug":"politica-de-cookies","status":"publish","type":"page","link":"https:\/\/opticavalero.com\/es\/politica-de-cookies\/","title":{"rendered":"Pol\u00edtica de cookies"},"content":{"rendered":"<div class=\"wpb-content-wrapper\"><p>[vc_row css_animation=\u00bb\u00bb row_type=\u00bbrow\u00bb use_row_as_full_screen_section=\u00bbno\u00bb type=\u00bbfull_width\u00bb angled_section=\u00bbno\u00bb text_align=\u00bbleft\u00bb background_image_as_pattern=\u00bbwithout_pattern\u00bb][vc_column][vc_column_text]<span style=\"font-weight: 400;\">Una cookie es un fichero que se descarga en su ordenador al acceder a determinadas p\u00e1ginas web. Las cookies permiten a las p\u00e1ginas web, entre otras cosas, almacenar y recuperar informaci\u00f3n sobre los h\u00e1bitos de navegaci\u00f3n de un usuario o de su equipo y, dependiendo de la informaci\u00f3n que contengan y de la forma en que utilice su equipo, pueden utilizarse para reconocer al usuario.<\/span><\/p>\n<p>&nbsp;<\/p>\n<p><strong>\u00bfQu\u00e9 tipo de cookies existen?\u00a0<\/strong><\/p>\n<p>&nbsp;<\/p>\n<p><i><span style=\"font-weight: 400;\">SEG\u00daN LA ENTIDAD QUE LA GESTIONA:<\/span><\/i><\/p>\n<ul>\n<li style=\"font-weight: 400;\" aria-level=\"1\"><span style=\"font-weight: 400;\">Cookies propias (T\u00e9cnicas\/funcionales)<\/span><\/li>\n<\/ul>\n<p><span style=\"font-weight: 400;\">Son aquellas que se env\u00edan a su equipo desde nuestros propios equipos o dominios y desde el que prestamos el servicio que nos solicita.<\/span><\/p>\n<p><span style=\"font-weight: 400;\">La legitimaci\u00f3n para el uso de las cookies estrictamente t\u00e9cnicas\/funcionales, viene dada porque el tratamiento es necesario para el cumplimiento de una obligaci\u00f3n legal conforme a la Ley 34\/2002 Ley de Servicios de la Informaci\u00f3n y de Comercio Electr\u00f3nico.<\/span><\/p>\n<p>&nbsp;<\/p>\n<ul>\n<li style=\"font-weight: 400;\" aria-level=\"1\"><span style=\"font-weight: 400;\">Cookies de terceros<\/span><\/li>\n<\/ul>\n<p><span style=\"font-weight: 400;\">Son aquellas que se env\u00edan a su equipo desde un equipo o dominio que no es gestionado por nosotros, sino por otra entidad colaboradora. Como, por ejemplo, las usadas por redes sociales, o por contenido externo como puede ser Google Maps, entre otros.<\/span><\/p>\n<p><span style=\"font-weight: 400;\">La legitimaci\u00f3n para el uso de las cookies con fines anal\u00edticos de optimizaci\u00f3n de personalizaci\u00f3n de publicidad comportamental y valoraci\u00f3n, as\u00ed como todas las existentes que se consideren de terceros, est\u00e1 basada en el consentimiento que se solicita, conforme al Art\u00edculo 6.1.a) del Reglamento (UE) 2017\/679.<\/span><\/p>\n<p>&nbsp;<\/p>\n<p><i><span style=\"font-weight: 400;\">SEG\u00daN EL PLAZO DE TIEMPO QUE PERMANECEN ACTIVAS (TIPO):<\/span><\/i><\/p>\n<p>&nbsp;<\/p>\n<ul>\n<li style=\"font-weight: 400;\" aria-level=\"1\"><span style=\"font-weight: 400;\">Cookies de sesi\u00f3n<\/span><\/li>\n<\/ul>\n<p><span style=\"font-weight: 400;\">Son cookies temporales que permanecen en el archivo de cookies de su navegador hasta que abandona la p\u00e1gina web, por lo que ninguna queda registrada en el disco duro de su ordenador. La informaci\u00f3n obtenida por medio de estas cookies, sirven para analizar pautas de tr\u00e1fico en la web. A la larga, esto nos permite proporcionar una mejor experiencia para mejorar el contenido y facilitar su uso.<\/span><\/p>\n<ul>\n<li style=\"font-weight: 400;\" aria-level=\"1\"><span style=\"font-weight: 400;\">Cookies persistentes<\/span><\/li>\n<\/ul>\n<p><span style=\"font-weight: 400;\">Son almacenadas en el disco duro y nuestra web las lee cada vez que realiza una nueva visita. Una web permanente posee una fecha de expiraci\u00f3n determinada. La cookie dejar\u00e1 de funcionar despu\u00e9s de esa fecha. Estas cookies las utilizamos, generalmente, para facilitar los servicios de compra y registro.<\/span><\/p>\n<p>&nbsp;<\/p>\n<p><strong>Las cookies usadas por nuestra web son:<\/strong><\/p>\n<p><b><i>&#8211; Cookies t\u00e9cnicas:<\/i><\/b><span style=\"font-weight: 400;\"> Son aquellas que permiten al usuario la navegaci\u00f3n a trav\u00e9s de una p\u00e1gina web, plataforma o aplicaci\u00f3n y la utilizaci\u00f3n de las diferentes opciones o servicios que en ella existan como, por ejemplo, controlar el tr\u00e1fico y la comunicaci\u00f3n de datos, identificar la sesi\u00f3n, acceder a partes de acceso restringido, recordar los elementos que integran un pedido, realizar el proceso de compra de un pedido, realizar la solicitud de inscripci\u00f3n o participaci\u00f3n en un evento, utilizar elementos de seguridad durante la navegaci\u00f3n, almacenar contenidos para la difusi\u00f3n de videos o sonido o compartir contenidos a trav\u00e9s de redes sociales.\u00a0<\/span><\/p>\n<p>&nbsp;<\/p>\n<p><b>C\u00d3MO DENEGAR,\u00a0 REVOCAR EL CONSENTIMIENTO DE COOKIES O ELIMINARLAS<\/b><\/p>\n<p><span style=\"font-weight: 400;\">Las cookies pueden bloquearse o eliminarse mediante la configuraci\u00f3n del navegador. En los siguientes enlaces se detalla c\u00f3mo hacerlo en cada uno de los navegadores m\u00e1s utilizados.<\/span><\/p>\n<ul>\n<li style=\"font-weight: 400;\" aria-level=\"1\"><span style=\"font-weight: 400;\">C\u00f3mo administrar cookies en <\/span><a href=\"http:\/\/support.google.com\/chrome\/bin\/answer.py?hl=es&amp;answer=95647\"><span style=\"font-weight: 400;\">Google Chrome<\/span><\/a><\/li>\n<li style=\"font-weight: 400;\" aria-level=\"1\"><span style=\"font-weight: 400;\">C\u00f3mo administrar cookies en <\/span><a href=\"http:\/\/windows.microsoft.com\/es-xl\/internet-explorer\/delete-manage-cookies#ie=ie-10\"><span style=\"font-weight: 400;\">Microsoft Internet Explorer<\/span><\/a><\/li>\n<li style=\"font-weight: 400;\" aria-level=\"1\"><span style=\"font-weight: 400;\">C\u00f3mo administrar cookies en <\/span><a href=\"https:\/\/support.microsoft.com\/es-es\/help\/4027947\/microsoft-edge-delete-cookies\"><span style=\"font-weight: 400;\">Microsoft Edge<\/span><\/a><\/li>\n<li style=\"font-weight: 400;\" aria-level=\"1\"><span style=\"font-weight: 400;\">C\u00f3mo administrar cookies en <\/span><a href=\"http:\/\/support.mozilla.org\/es\/kb\/Habilitar%20y%20deshabilitar%20cookies?s=cookie&amp;r=1&amp;e=es&amp;as=s7\"><span style=\"font-weight: 400;\">Mozilla FireFox<\/span><\/a><\/li>\n<li style=\"font-weight: 400;\" aria-level=\"1\"><span style=\"font-weight: 400;\">C\u00f3mo administrar cookies en <\/span><a href=\"http:\/\/safari.helpmax.net\/es\/privacidad-y-seguridad\/como-gestionar-las-cookies\/\"><span style=\"font-weight: 400;\">Apple Safari<\/span><\/a><\/li>\n<\/ul>\n<p>&nbsp;<\/p>\n<p>&nbsp;[\/vc_column_text][\/vc_column][\/vc_row]<\/p>\n<\/div>","protected":false},"excerpt":{"rendered":"<p>[vc_row css_animation=\u00bb\u00bb row_type=\u00bbrow\u00bb use_row_as_full_screen_section=\u00bbno\u00bb type=\u00bbfull_width\u00bb angled_section=\u00bbno\u00bb text_align=\u00bbleft\u00bb background_image_as_pattern=\u00bbwithout_pattern\u00bb][vc_column][vc_column_text]Una cookie es un fichero que se descarga en su ordenador al acceder a determinadas p\u00e1ginas web. Las cookies permiten a las p\u00e1ginas web, entre otras cosas, almacenar y recuperar informaci\u00f3n sobre los h\u00e1bitos de navegaci\u00f3n de un&#8230;<\/p>\n","protected":false},"author":12,"featured_media":0,"parent":0,"menu_order":0,"comment_status":"closed","ping_status":"closed","template":"","meta":{"_acf_changed":false,"footnotes":""},"class_list":["post-16590","page","type-page","status-publish","hentry"],"acf":[],"_links":{"self":[{"href":"https:\/\/opticavalero.com\/es\/wp-json\/wp\/v2\/pages\/16590","targetHints":{"allow":["GET"]}}],"collection":[{"href":"https:\/\/opticavalero.com\/es\/wp-json\/wp\/v2\/pages"}],"about":[{"href":"https:\/\/opticavalero.com\/es\/wp-json\/wp\/v2\/types\/page"}],"author":[{"embeddable":true,"href":"https:\/\/opticavalero.com\/es\/wp-json\/wp\/v2\/users\/12"}],"replies":[{"embeddable":true,"href":"https:\/\/opticavalero.com\/es\/wp-json\/wp\/v2\/comments?post=16590"}],"version-history":[{"count":2,"href":"https:\/\/opticavalero.com\/es\/wp-json\/wp\/v2\/pages\/16590\/revisions"}],"predecessor-version":[{"id":17285,"href":"https:\/\/opticavalero.com\/es\/wp-json\/wp\/v2\/pages\/16590\/revisions\/17285"}],"wp:attachment":[{"href":"https:\/\/opticavalero.com\/es\/wp-json\/wp\/v2\/media?parent=16590"}],"curies":[{"name":"wp","href":"https:\/\/api.w.org\/{rel}","templated":true}]}}