{"id":16588,"date":"2018-06-05T21:11:17","date_gmt":"2018-06-05T20:11:17","guid":{"rendered":"https:\/\/opticavalero.com\/es\/?page_id=16588"},"modified":"2018-06-06T16:54:09","modified_gmt":"2018-06-06T15:54:09","slug":"politica-de-privacidad","status":"publish","type":"page","link":"https:\/\/opticavalero.com\/es\/politica-de-privacidad\/","title":{"rendered":"Pol\u00edtica de privacidad"},"content":{"rendered":"<p><b>\u00bfQui\u00e9n es el responsable del tratamiento de los datos personales recogidos a trav\u00e9s de la web?<\/b><\/p>\n<p><span style=\"font-weight: 400\">La presente pol\u00edtica de privacidad se aplica a todos los datos de car\u00e1cter personal que el usuario aporte a <\/span><span style=\"font-weight: 400\">NAR\u00d3N VISI\u00d3N S.L.<\/span><span style=\"font-weight: 400\"> (en adelante, <\/span><span style=\"font-weight: 400\">OPTICA VALERO<\/span><span style=\"font-weight: 400\">), persona jur\u00eddica encargada de la recogida y procesamiento de los datos personales. <\/span><span style=\"font-weight: 400\">OPTICA VALERO<\/span><span style=\"font-weight: 400\"> es la empresa Responsable del Tratamiento de los datos personales que el usuario proporciona a trav\u00e9s de la presente p\u00e1gina web, responsabiliz\u00e1ndose de los mismos de acuerdo con lo establecido en la normativa vigente en materia de protecci\u00f3n de datos de car\u00e1cter personal: Reglamento (UE) 2016\/679 del Parlamento Europeo y del Consejo de 27 de abril de 2016 relativo a la protecci\u00f3n de las personas f\u00edsicas en lo que respecta al tratamiento de datos personales y a la libre circulaci\u00f3n de estos datos.<\/span><\/p>\n<p><span style=\"font-weight: 400\">A los efectos de la presente Pol\u00edtica de Privacidad, debe entenderse como \u201cusuario\u201d a toda persona f\u00edsica interesada en los productos y servicios que <\/span><span style=\"font-weight: 400\">OPTICA VALERO<\/span><span style=\"font-weight: 400\"> ofrece a trav\u00e9s de su p\u00e1gina web. <\/span><span style=\"font-weight: 400\">OPTICA VALERO<\/span><span style=\"font-weight: 400\">, como responsable del tratamiento, solicitar\u00e1, con car\u00e1cter previo a la aportaci\u00f3n de sus datos de car\u00e1cter personal, el consentimiento expreso del usuario a la presente Pol\u00edtica de Privacidad, cuando as\u00ed sea necesario y a cualquier otro aspecto que requiera la previa autorizaci\u00f3n del mismo. El objetivo de la Pol\u00edtica de Privacidad de <\/span><span style=\"font-weight: 400\">OPTICA VALERO<\/span><span style=\"font-weight: 400\"> es dar transparencia a la informaci\u00f3n de c\u00f3mo tratamos sus datos y proteger la informaci\u00f3n en Internet y los datos que el usuario pueda introducir en la web.<\/span><\/p>\n<p><span style=\"font-weight: 400\">El usuario podr\u00e1 ponerse en contacto con <\/span><span style=\"font-weight: 400\">OPTICA VALERO<\/span><span style=\"font-weight: 400\"> a trav\u00e9s de <\/span><a href=\"mailto:optica@opticavalero.com\"><span style=\"font-weight: 400\">optica@opticavalero.com<\/span><\/a><span style=\"font-weight: 400\"> ante cualquier duda o necesidad que tuviere en materia de protecci\u00f3n de datos.<\/span><\/p>\n<p><b>Datos del responsable de tratamiento<\/b><\/p>\n<p><span style=\"font-weight: 400\">RAZON SOCIAL: <\/span><span style=\"font-weight: 400\">NAR\u00d3N VISI\u00d3N S.L.<\/span><\/p>\n<p><span style=\"font-weight: 400\">Direcci\u00f3n: <\/span><span style=\"font-weight: 400\">M\u00e9dico Valero, S\/N<\/span><\/p>\n<p><span style=\"font-weight: 400\">Email: <\/span><a href=\"mailto:optica@opticavalero.com\"><span style=\"font-weight: 400\">optica@opticavalero.com<\/span><\/a><\/p>\n<p><span style=\"font-weight: 400\">Tel\u00e9fono: <\/span><span style=\"font-weight: 400\">981 94 48 28<\/span><\/p>\n<p><b>Datos personales tratados y finalidad del tratamiento<\/b><\/p>\n<p><span style=\"font-weight: 400\">Las categor\u00edas de datos y la finalidad para la que se tratan por <\/span><span style=\"font-weight: 400\">OPTICA VALERO<\/span><span style=\"font-weight: 400\"> se exponen a continuaci\u00f3n:<\/span><\/p>\n<ul>\n<li style=\"font-weight: 400\"><span style=\"font-weight: 400\">Gestionar y administrar las solicitudes realizadas por los usuarios en relaci\u00f3n con la gesti\u00f3n de consultas, solicitud de propuestas y sugerencias acerca de nuestros productos.<\/span><\/li>\n<\/ul>\n<p><span style=\"font-weight: 400\">Categor\u00eda de los datos: nombre y apellidos, tel\u00e9fono y correo electr\u00f3nico<\/span><\/p>\n<p><b>Conservaci\u00f3n de los datos<\/b><\/p>\n<p><span style=\"font-weight: 400\">Conservamos los datos facilitados a trav\u00e9s de nuestros formularios de contacto por un plazo de <\/span><b>24 MESES<\/b><span style=\"font-weight: 400\"> y\/o hasta la prescripci\u00f3n de las acciones legales que pudieran derivarse. <\/span><\/p>\n<p><b>Legitimaci\u00f3n del tratamiento<\/b><\/p>\n<p><span style=\"font-weight: 400\">La base legal para el tratamiento descrito en el punto anterior es:<\/span><\/p>\n<p><span style=\"font-weight: 400\">&#8211; El consentimiento que se solicita al usuario<\/span><\/p>\n<p><span style=\"font-weight: 400\">Los datos recogidos para el formulario de contacto son obligatorios al igual que la aceptaci\u00f3n de la pol\u00edtica de privacidad, la falta de cumplimentaci\u00f3n dar\u00e1 lugar a la imposibilidad de tramitaci\u00f3n de la consulta realizada por el usuario.<\/span><\/p>\n<p><b>Destinatarios de las comunicaciones<\/b><\/p>\n<p><span style=\"font-weight: 400\">Una \u00f3ptima prestaci\u00f3n del servicio que <\/span><span style=\"font-weight: 400\">OPTICA VALERO<\/span><span style=\"font-weight: 400\"> ofrece a trav\u00e9s de su p\u00e1gina web puede requerir que otros terceros prestadores de servicios accedan a los datos personales del usuario como encargados del tratamiento. <\/span><\/p>\n<p><span style=\"font-weight: 400\">Adem\u00e1s de lo anterior, <\/span><span style=\"font-weight: 400\">OPTICA VALERO<\/span><span style=\"font-weight: 400\"> podr\u00e1 realizar cesiones o comunicaciones de datos personales para atender sus obligaciones con las Administraciones P\u00fablicas en los casos que as\u00ed se requiera de acuerdo con la legislaci\u00f3n vigente en cada momento y en su caso, igualmente a otros \u00f3rganos como Fuerzas y Cuerpos de Seguridad del Estado y a los \u00f3rganos Judiciales.<\/span><\/p>\n<p><b>Derechos de los interesados<\/b><\/p>\n<p><span style=\"font-weight: 400\">El usuario, en cualquier momento, puede contactar con nuestro Delegado de Protecci\u00f3n de Datos (DPD) o Responsable, revocar el consentimiento facilitado y\/o ejercer sus derechos de acceso, rectificaci\u00f3n, supresi\u00f3n, portabilidad de los datos, oposici\u00f3n y limitaci\u00f3n del tratamiento, mediante escrito dirigido al DPO o responsable en la direcci\u00f3n establecida en la presente Pol\u00edtica, o bien, en la siguiente direcci\u00f3n de correo electr\u00f3nico: <\/span><a href=\"mailto:optica@opticavalero.com\"><span style=\"font-weight: 400\">optica@opticavalero.com<\/span><\/a><\/p>\n<p><span style=\"font-weight: 400\">En caso de que el usuario considere que se han vulnerado sus derechos tambi\u00e9n le asiste el derecho a presentar una reclamaci\u00f3n frente a la autoridad de control competente.<\/span><\/p>\n<p><span style=\"font-weight: 400\">Adem\u00e1s de los anteriores derechos, el Usuario tendr\u00e1 derecho a retirar el consentimiento otorgado en cualquier momento mediante el procedimiento m\u00e1s arriba descrito, sin que dicha retirada de consentimiento afecte a la licitud del tratamiento anterior a la retirada del mismo. <\/span><span style=\"font-weight: 400\">OPTICA VALERO<\/span><span style=\"font-weight: 400\"> podr\u00e1 continuar tratando los datos del Usuario en la medida en que la ley aplicable lo permita.<\/span><\/p>\n<p><b>Procedencia de los datos<\/b><\/p>\n<p><span style=\"font-weight: 400\">En principio, los datos siempre proceden del titular de estos. En caso de recibir una comunicaci\u00f3n por parte de <\/span><span style=\"font-weight: 400\">OPTICA VALERO<\/span><span style=\"font-weight: 400\"> y no tener constancia de habernos facilitado sus datos, es posible que un tercero haya usurpado su estado\/identidad. En este caso, le rogamos nos lo comunique a trav\u00e9s de los medios facilitados en la presente Pol\u00edtica de Privacidad.<\/span><\/p>\n<p><span style=\"font-weight: 400\">En este sentido, el usuario es el responsable de la autenticidad de los datos aportados, que sean exactos, actuales y completos para la finalidad que sean aportados, asumiendo la responsabilidad de los da\u00f1os y perjuicios, que se pudieran generar por dichas inexactitudes o falsedades. En todo caso, si los datos aportados en los correspondientes formularios fueran titular de un tercero, el usuario se hace \u00fanico responsable de la correcta recogida del consentimiento e informaci\u00f3n al tercero sobre los aspectos reflejados en el presente aviso legal y pol\u00edticas de privacidad.<\/span><\/p>\n","protected":false},"excerpt":{"rendered":"<p>\u00bfQui\u00e9n es el responsable del tratamiento de los datos personales recogidos a trav\u00e9s de la web? La presente pol\u00edtica de privacidad se aplica a todos los datos de car\u00e1cter personal que el usuario aporte a NAR\u00d3N VISI\u00d3N S.L. (en adelante, OPTICA VALERO), persona jur\u00eddica encargada&#8230;<\/p>\n","protected":false},"author":12,"featured_media":0,"parent":0,"menu_order":0,"comment_status":"closed","ping_status":"closed","template":"","meta":{"_acf_changed":false,"footnotes":""},"class_list":["post-16588","page","type-page","status-publish","hentry"],"acf":[],"_links":{"self":[{"href":"https:\/\/opticavalero.com\/es\/wp-json\/wp\/v2\/pages\/16588","targetHints":{"allow":["GET"]}}],"collection":[{"href":"https:\/\/opticavalero.com\/es\/wp-json\/wp\/v2\/pages"}],"about":[{"href":"https:\/\/opticavalero.com\/es\/wp-json\/wp\/v2\/types\/page"}],"author":[{"embeddable":true,"href":"https:\/\/opticavalero.com\/es\/wp-json\/wp\/v2\/users\/12"}],"replies":[{"embeddable":true,"href":"https:\/\/opticavalero.com\/es\/wp-json\/wp\/v2\/comments?post=16588"}],"version-history":[{"count":2,"href":"https:\/\/opticavalero.com\/es\/wp-json\/wp\/v2\/pages\/16588\/revisions"}],"predecessor-version":[{"id":16592,"href":"https:\/\/opticavalero.com\/es\/wp-json\/wp\/v2\/pages\/16588\/revisions\/16592"}],"wp:attachment":[{"href":"https:\/\/opticavalero.com\/es\/wp-json\/wp\/v2\/media?parent=16588"}],"curies":[{"name":"wp","href":"https:\/\/api.w.org\/{rel}","templated":true}]}}