{"id":15796,"date":"2017-04-06T08:30:53","date_gmt":"2017-04-06T07:30:53","guid":{"rendered":"https:\/\/modern.opti.es\/es\/?page_id=15796"},"modified":"2025-12-19T15:36:12","modified_gmt":"2025-12-19T14:36:12","slug":"la-optica","status":"publish","type":"page","link":"https:\/\/opticavalero.com\/es\/la-optica\/","title":{"rendered":"La \u00f3ptica"},"content":{"rendered":"<div class=\"wpb-content-wrapper\"><p>[vc_row css_animation=\u00bb\u00bb row_type=\u00bbrow\u00bb use_row_as_full_screen_section=\u00bbyes\u00bb type=\u00bbgrid\u00bb angled_section=\u00bbno\u00bb text_align=\u00bbjustify\u00bb background_image_as_pattern=\u00bbwithout_pattern\u00bb css=\u00bb.vc_custom_1485869933066{padding-top: 30px !important;}\u00bb][vc_column width=\u00bb1\/2&#8243;][vc_empty_space height=\u00bb50&#8243;][vc_gallery interval=\u00bb3&#8243; images=\u00bb17133,17135,17137,17139,17141,17131,17129,17127,17125,17123&#8243; img_size=\u00bbfull\u00bb][vc_empty_space height=\u00bb15px\u00bb][\/vc_column][vc_column width=\u00bb1\/2&#8243;][vc_column_text]<\/p>\n<h2 style=\"text-align: center\">Qui\u00e9nes somos<\/h2>\n<p>[\/vc_column_text][vc_empty_space height=\u00bb15px\u00bb][vc_column_text]<b>\u00d3ptica Valero<\/b><span style=\"font-weight: 400;\"> nace en diciembre de 2006 de la mano de Olga Ameneiro L\u00f3pez, \u00f3ptico-optometrista, con la intenci\u00f3n de convertirse en un referente de la salud visual en Nar\u00f3n.<\/span><\/p>\n<p>&nbsp;<\/p>\n<p><span style=\"font-weight: 400;\">En nuestra \u00f3ptica, siempre a la vanguardia de la \u00faltima tecnolog\u00eda en el cuidado de la salud visual de nuestros pacientes, disponemos de los medios tecnol\u00f3gicos m\u00e1s avanzados para la detecci\u00f3n de las patolog\u00edas oftalmol\u00f3gicas m\u00e1s habituales y severas.<\/span><\/p>\n<p>&nbsp;<\/p>\n<p><span style=\"font-weight: 400;\">Actualmente nuestro equipo est\u00e1 formado por profesionales del sector con m\u00e1s de 20 a\u00f1os de experiencia y trabajamos cada d\u00eda por y para nuestros pacientes.<\/span><\/p>\n<p>&nbsp;<\/p>\n<p><span style=\"font-weight: 400;\">Disponemos de monturas y gafas de sol de la mejor calidad, con el respaldo de las mejores firmas y la garant\u00eda que nos aporta la experiencia.<\/span><\/p>\n<p>&nbsp;<\/p>\n<p><span style=\"font-weight: 400;\">Adem\u00e1s somos <\/span><b>Varilux Ambassador,<\/b><span style=\"font-weight: 400;\"> reconocido por <\/span><b>Essilor Espa\u00f1a,<\/b><span style=\"font-weight: 400;\"> como \u00f3ptica especializada en la venta y adaptaci\u00f3n de lentes progresivas Varilux y la tecnolog\u00eda AVA. Este reconocimiento ha sido renovado a\u00f1o tras a\u00f1o por nuestro equipo, siendo l\u00edderes en nuestra poblaci\u00f3n.<\/span><\/p>\n<p>&nbsp;[\/vc_column_text][\/vc_column][\/vc_row][vc_row css_animation=\u00bb\u00bb row_type=\u00bbrow\u00bb use_row_as_full_screen_section=\u00bbno\u00bb type=\u00bbfull_width\u00bb angled_section=\u00bbno\u00bb text_align=\u00bbjustify\u00bb background_image_as_pattern=\u00bbwithout_pattern\u00bb][vc_column width=\u00bb1\/2&#8243;][vc_single_image image=\u00bb17301&#8243; img_size=\u00bbfull\u00bb alignment=\u00bbcenter\u00bb qode_css_animation=\u00bb\u00bb][\/vc_column][vc_column width=\u00bb1\/2&#8243;][vc_column_text]<\/p>\n<h4><strong>PLAN VEO<\/strong><\/h4>\n<p>&nbsp;<\/p>\n<p>En <strong>Valero \u00f3ptica y audiolog\u00eda<\/strong> estamos adheridos al <strong>Plan VEO<\/strong> del Gobierno, una ayuda destinada a la <strong>salud visual infantil<\/strong>. Gracias a este programa, los <strong>menores de hasta 16 a\u00f1os <\/strong>pueden beneficiarse de una <strong>bonificaci\u00f3n de 100 \u20ac para la compra de gafas, lentillas, l\u00edquidos<\/strong> y otros productos de cuidado visual.<\/p>\n<p><br data-start=\"326\" data-end=\"329\" \/>Para m\u00e1s informaci\u00f3n, puedes <strong>pasar por nuestra \u00f3ptica o llamarnos<\/strong> y te asesoraremos encantadas.<\/p>\n<p>&nbsp;[\/vc_column_text][\/vc_column][\/vc_row][vc_row css_animation=\u00bb\u00bb row_type=\u00bbrow\u00bb use_row_as_full_screen_section=\u00bbyes\u00bb type=\u00bbgrid\u00bb angled_section=\u00bbno\u00bb text_align=\u00bbjustify\u00bb background_image_as_pattern=\u00bbwithout_pattern\u00bb css=\u00bb.vc_custom_1479828920942{padding-top: 50px !important;}\u00bb][vc_column width=\u00bb1\/2&#8243;][vc_column_text]<\/p>\n<h2>Servicios<\/h2>\n<p>[\/vc_column_text][vc_empty_space height=\u00bb15px\u00bb][vc_column_text]<span style=\"font-weight: 400\">-Revisi\u00f3n visual para ni\u00f1os, adultos y ancianos<\/span><\/p>\n<p><span style=\"font-weight: 400\">-Adaptaci\u00f3n de lentes de contacto: monofocales, t\u00f3ricas y multifocales<\/span><\/p>\n<p><span style=\"font-weight: 400\">-Medida de la tensi\u00f3n ocular<\/span><\/p>\n<p><span style=\"font-weight: 400\">-Retinograf\u00eda: valoraci\u00f3n de fondo ocular con informe oftalmol\u00f3gico<\/span><\/p>\n<p><span style=\"font-weight: 400\">-Asesoramiento t\u00e9cnico: en nuestra \u00f3ptica podr\u00e1s contar con nuestro asesoramiento t\u00e9cnico. Despu\u00e9s de un minucioso estudio te recomendaremos la mejor soluci\u00f3n a tu defecto visual, utilizando tecnolog\u00eda de vanguardia.<\/span><\/p>\n<p><span style=\"font-weight: 400\">-Asesoramiento est\u00e9tico: te ayudamos a seleccionar de entre un gran n\u00famero de gafas, la que se adapta perfectamente a su fisonom\u00eda. En <\/span><b>\u00d3PTICA VALERO<\/b><span style=\"font-weight: 400\"> estamos siempre a la vanguardia de la moda.<\/span><\/p>\n<p><span style=\"font-weight: 400\">-Tus gafas siempre a punto: garantizamos el ajuste y mantenimiento de tus gafas para que siempre las lleves en perfecto estado.<\/span><\/p>\n<p><span style=\"font-weight: 400\">-Centro autorizado para la adaptaci\u00f3n y venta de pr\u00f3tesis auditivas (aud\u00edfonos y sus accesorios).<\/span><\/p>\n<p><span style=\"font-weight: 400\">-Tapones de ba\u00f1o a medida.<\/span><\/p>\n<p><span style=\"font-weight: 400\">-Tapones antiruido a medida.<\/span><\/p>\n<p><span style=\"font-weight: 400\">-Tapones especiales para la industria.<\/span><\/p>\n<p><span style=\"font-weight: 400\">&#8211;<\/span><span style=\"color: #993300\"><b><a style=\"color: #993300\" href=\"https:\/\/opticavalero.com\/es\/pagina-convenios-garantias\/\">Convenios de colaboraci\u00f3n<\/a><\/b><\/span><\/p>\n<p>&nbsp;[\/vc_column_text][vc_empty_space height=\u00bb15px\u00bb][\/vc_column][vc_column width=\u00bb1\/2&#8243;][mpc_textblock][\/mpc_textblock][vc_gallery interval=\u00bb3&#8243; images=\u00bb17148,17150,17152,17154,17156,17158&#8243; img_size=\u00bbfull\u00bb][vc_empty_space height=\u00bb15px\u00bb][\/vc_column][\/vc_row][vc_row css_animation=\u00bb\u00bb row_type=\u00bbrow\u00bb use_row_as_full_screen_section=\u00bbno\u00bb type=\u00bbfull_width\u00bb angled_section=\u00bbno\u00bb text_align=\u00bbjustify\u00bb background_image_as_pattern=\u00bbwithout_pattern\u00bb][vc_column][vc_empty_space height=\u00bb50px\u00bb][\/vc_column][\/vc_row]<\/p>\n<\/div>","protected":false},"excerpt":{"rendered":"<p>[vc_row css_animation=\u00bb\u00bb row_type=\u00bbrow\u00bb use_row_as_full_screen_section=\u00bbyes\u00bb type=\u00bbgrid\u00bb angled_section=\u00bbno\u00bb text_align=\u00bbjustify\u00bb background_image_as_pattern=\u00bbwithout_pattern\u00bb css=\u00bb.vc_custom_1485869933066{padding-top: 30px !important;}\u00bb][vc_column width=\u00bb1\/2&#8243;][vc_empty_space height=\u00bb50&#8243;][vc_gallery interval=\u00bb3&#8243; images=\u00bb17133,17135,17137,17139,17141,17131,17129,17127,17125,17123&#8243; img_size=\u00bbfull\u00bb][vc_empty_space height=\u00bb15px\u00bb][\/vc_column][vc_column width=\u00bb1\/2&#8243;][vc_column_text] Qui\u00e9nes somos [\/vc_column_text][vc_empty_space height=\u00bb15px\u00bb][vc_column_text]\u00d3ptica Valero nace en diciembre de 2006 de la mano de Olga Ameneiro L\u00f3pez, \u00f3ptico-optometrista, con la intenci\u00f3n de convertirse en un referente de&#8230;<\/p>\n","protected":false},"author":12,"featured_media":0,"parent":0,"menu_order":0,"comment_status":"closed","ping_status":"closed","template":"","meta":{"_acf_changed":false,"footnotes":""},"class_list":["post-15796","page","type-page","status-publish","hentry"],"acf":[],"_links":{"self":[{"href":"https:\/\/opticavalero.com\/es\/wp-json\/wp\/v2\/pages\/15796","targetHints":{"allow":["GET"]}}],"collection":[{"href":"https:\/\/opticavalero.com\/es\/wp-json\/wp\/v2\/pages"}],"about":[{"href":"https:\/\/opticavalero.com\/es\/wp-json\/wp\/v2\/types\/page"}],"author":[{"embeddable":true,"href":"https:\/\/opticavalero.com\/es\/wp-json\/wp\/v2\/users\/12"}],"replies":[{"embeddable":true,"href":"https:\/\/opticavalero.com\/es\/wp-json\/wp\/v2\/comments?post=15796"}],"version-history":[{"count":13,"href":"https:\/\/opticavalero.com\/es\/wp-json\/wp\/v2\/pages\/15796\/revisions"}],"predecessor-version":[{"id":17303,"href":"https:\/\/opticavalero.com\/es\/wp-json\/wp\/v2\/pages\/15796\/revisions\/17303"}],"wp:attachment":[{"href":"https:\/\/opticavalero.com\/es\/wp-json\/wp\/v2\/media?parent=15796"}],"curies":[{"name":"wp","href":"https:\/\/api.w.org\/{rel}","templated":true}]}}