{"id":15402,"date":"2017-04-06T08:30:53","date_gmt":"2017-04-06T07:30:53","guid":{"rendered":"http:\/\/demo.qodeinteractive.com\/bridge65\/?page_id=15402"},"modified":"2026-03-05T12:30:32","modified_gmt":"2026-03-05T11:30:32","slug":"home","status":"publish","type":"page","link":"https:\/\/opticavalero.com\/es\/","title":{"rendered":"Home"},"content":{"rendered":"<div class=\"wpb-content-wrapper\"><p>[vc_row css_animation=\u00bb\u00bb row_type=\u00bbrow\u00bb use_row_as_full_screen_section=\u00bbno\u00bb type=\u00bbfull_width\u00bb angled_section=\u00bbno\u00bb text_align=\u00bbleft\u00bb background_image_as_pattern=\u00bbwithout_pattern\u00bb][vc_column][vc_separator type=\u00bbnormal\u00bb][vc_gallery interval=\u00bb3&#8243; images=\u00bb17288,17286,17253&#8243; img_size=\u00bbfull\u00bb onclick=\u00bb\u00bb][vc_empty_space][vc_single_image image=\u00bb17298&#8243; img_size=\u00bbfull\u00bb alignment=\u00bbcenter\u00bb onclick=\u00bbcustom_link\u00bb qode_css_animation=\u00bb\u00bb link=\u00bbhttps:\/\/opticavalero.com\/es\/la-optica\/\u00bb][vc_empty_space][\/vc_column][\/vc_row][vc_row css_animation=\u00bb\u00bb row_type=\u00bbrow\u00bb use_row_as_full_screen_section=\u00bbno\u00bb type=\u00bbfull_width\u00bb angled_section=\u00bbno\u00bb text_align=\u00bbcenter\u00bb background_image_as_pattern=\u00bbwithout_pattern\u00bb padding_top=\u00bb40&#8243;][vc_column][vc_text_separator title=\u00bbAcerca de \u00d3PTICA VALERO\u00bb border=\u00bbno\u00bb background_color=\u00bb#ffffff\u00bb title_color=\u00bb#3b302c\u00bb][vc_separator type=\u00bbtransparent\u00bb up=\u00bb10&#8243; down=\u00bb0&#8243;][vc_column_text css=\u00bb.vc_custom_1642062371519{padding-right: 7% !important;padding-left: 7% !important;}\u00bb]<span style=\"font-family: 'Georgia','serif';color: #333333\">Tenemos m\u00e1s de 15 a\u00f1os siendo una \u00f3ptica de referencia en Nar\u00f3n y nuestro equipo tiene m\u00e1s de 20 a\u00f1os de experiencia. <\/span><\/p>\n<p><span style=\"font-family: 'Georgia','serif';color: #333333\">Contamos con la \u00faltima tecnolog\u00eda para el cuidado de la salud visual de nuestros pacientes y trabajamos con las mejores marcas.<\/span>[\/vc_column_text][\/vc_column][\/vc_row][vc_row css_animation=\u00bb\u00bb row_type=\u00bbrow\u00bb use_row_as_full_screen_section=\u00bbno\u00bb type=\u00bbfull_width\u00bb angled_section=\u00bbno\u00bb text_align=\u00bbleft\u00bb background_image_as_pattern=\u00bbwithout_pattern\u00bb padding_top=\u00bb50&#8243;][vc_column width=\u00bb1\/3&#8243;]<div class=\"qode-banner qode-banner-va-center\"><a class=\"qode-banner-link\" href=\"\/es\/comprar\/graduado\/\" target=\"_self\"><\/a><div class=\"qode-banner-image\"><img decoding=\"async\" itemprop=\"image\" src=\"https:\/\/opticavalero.com\/wp-content\/uploads\/2021\/08\/optica-valero-gafasgraduadas.jpg\" alt=\"\" \/><\/div><div class=\"qode-banner-content\"><div class=\"qode-banner-content-inner\"><div class=\"qode-banner-text-holder\">\n<h2 style=\"color: #ffffff\">Graduadas<\/h2>\n<\/div><\/div><\/div><\/div>[vc_empty_space][\/vc_column][vc_column width=\u00bb1\/3&#8243;]<div class=\"qode-banner qode-banner-va-center\"><a class=\"qode-banner-link\" href=\"\/es\/comprar\/gafas-de-sol\/\" target=\"_self\"><\/a><div class=\"qode-banner-image\"><img decoding=\"async\" itemprop=\"image\" src=\"https:\/\/opticavalero.com\/wp-content\/uploads\/2021\/08\/optica-valero-gafasdesol.jpg\" alt=\"\" \/><\/div><div class=\"qode-banner-content\"><div class=\"qode-banner-content-inner\"><div class=\"qode-banner-text-holder\">\n<h2 style=\"color: #ffffff\">Gafas de sol<\/h2>\n<\/div><\/div><\/div><\/div>[vc_empty_space][\/vc_column][vc_column width=\u00bb1\/3&#8243;]<div class=\"qode-banner qode-banner-va-center\"><a class=\"qode-banner-link\" href=\"\/es\/comprar\/lentes-de-contacto\/\" target=\"_self\"><\/a><div class=\"qode-banner-image\"><img decoding=\"async\" itemprop=\"image\" src=\"https:\/\/opticavalero.com\/wp-content\/uploads\/2021\/08\/optica-valero-lentillas.jpg\" alt=\"\" \/><\/div><div class=\"qode-banner-content\"><div class=\"qode-banner-content-inner\"><div class=\"qode-banner-text-holder\">\n<h2 style=\"color: #ffffff\">Lentes de contacto<\/h2>\n<\/div><\/div><\/div><\/div>[vc_empty_space][\/vc_column][\/vc_row][vc_row css_animation=\u00bb\u00bb row_type=\u00bbrow\u00bb use_row_as_full_screen_section=\u00bbno\u00bb type=\u00bbfull_width\u00bb angled_section=\u00bbno\u00bb text_align=\u00bbleft\u00bb background_image=\u00bb17173&#8243; background_image_as_pattern=\u00bbwithout_pattern\u00bb padding_top=\u00bb70&#8243; padding_bottom=\u00bb60&#8243; css=\u00bb.vc_custom_1628512793633{margin-right: 0px !important;margin-left: 0px !important;}\u00bb][vc_column width=\u00bb1\/2&#8243;][\/vc_column][vc_column width=\u00bb1\/2&#8243;][vc_column_text]<\/p>\n<h5 style=\"text-align: center\">\u00d3PTICA VALERO<\/h5>\n<p>[\/vc_column_text][vc_separator type=\u00bbtransparent\u00bb up=\u00bb30&#8243; down=\u00bb0&#8243;][vc_column_text css=\u00bb.vc_custom_1491464720425{padding-right: 10% !important;}\u00bb]<span style=\"font-family: 'Georgia','serif';color: #333333\">Disponemos de monturas y gafas de sol de la mejor calidad, con el respaldo de las mejores firmas y la garant\u00eda que nos aporta la experiencia. \u00a1Conoce m\u00e1s sobre nuestro centro!<\/span>[\/vc_column_text][vc_separator type=\u00bbtransparent\u00bb up=\u00bb40&#8243; down=\u00bb0&#8243;]<a  itemprop=\"url\" href=\"\/es\/la-optica\/\" target=\"_self\"  class=\"qbutton  default\" style=\"\">VER M\u00c1S<\/a>[\/vc_column][\/vc_row][vc_row css_animation=\u00bb\u00bb row_type=\u00bbrow\u00bb use_row_as_full_screen_section=\u00bbno\u00bb type=\u00bbgrid\u00bb angled_section=\u00bbno\u00bb text_align=\u00bbleft\u00bb background_image_as_pattern=\u00bbwithout_pattern\u00bb padding_top=\u00bb20&#8243; padding_bottom=\u00bb40&#8243;][vc_column][vc_text_separator title=\u00bbMARCAS\u00bb border=\u00bbno\u00bb background_color=\u00bb#ffffff\u00bb title_color=\u00bb#3b302c\u00bb][vc_separator type=\u00bbtransparent\u00bb up=\u00bb40&#8243; down=\u00bb0&#8243;]<div class='qode_carousels_holder clearfix'><div class='qode_carousels' data-number-of-visible-items=''><ul class='slides'><li class='item'><div class=\"carousel_item_holder\"><span class='first_image_holder has_hover_image'><img decoding=\"async\" itemprop=\"image\" src=\"https:\/\/modern.opti.es\/wp-content\/uploads\/sites\/18\/2017\/03\/TOUS.png\" alt=\"carousel image\" \/><\/span><span class='second_image_holder has_hover_image'><img decoding=\"async\" itemprop=\"image\" src=\"https:\/\/modern.opti.es\/wp-content\/uploads\/sites\/18\/2017\/03\/TOUS-gris.png\" alt=\"carousel image\" \/><\/span><\/div><\/li><li class='item'><div class=\"carousel_item_holder\"><span class='first_image_holder has_hover_image'><img decoding=\"async\" itemprop=\"image\" src=\"https:\/\/modern.opti.es\/wp-content\/uploads\/sites\/18\/2017\/03\/POLAROID.png\" alt=\"carousel image\" \/><\/span><span class='second_image_holder has_hover_image'><img decoding=\"async\" itemprop=\"image\" src=\"https:\/\/modern.opti.es\/wp-content\/uploads\/sites\/18\/2017\/03\/POLAROID-gris.png\" alt=\"carousel image\" \/><\/span><\/div><\/li><li class='item'><div class=\"carousel_item_holder\"><span class='first_image_holder has_hover_image'><img decoding=\"async\" itemprop=\"image\" src=\"https:\/\/modern.opti.es\/wp-content\/uploads\/sites\/18\/2017\/03\/Silhouette.png\" alt=\"carousel image\" \/><\/span><span class='second_image_holder has_hover_image'><img decoding=\"async\" itemprop=\"image\" src=\"https:\/\/modern.opti.es\/wp-content\/uploads\/sites\/18\/2017\/03\/Silhouette-gris.png\" alt=\"carousel image\" \/><\/span><\/div><\/li><li class='item'><div class=\"carousel_item_holder\"><span class='first_image_holder has_hover_image'><img decoding=\"async\" itemprop=\"image\" src=\"https:\/\/modern.opti.es\/wp-content\/uploads\/sites\/18\/2017\/03\/RAYBAN.png\" alt=\"carousel image\" \/><\/span><span class='second_image_holder has_hover_image'><img decoding=\"async\" itemprop=\"image\" src=\"https:\/\/modern.opti.es\/wp-content\/uploads\/sites\/18\/2017\/03\/RAYBAN-gris.png\" alt=\"carousel image\" \/><\/span><\/div><\/li><li class='item'><div class=\"carousel_item_holder\"><span class='first_image_holder has_hover_image'><img decoding=\"async\" itemprop=\"image\" src=\"https:\/\/modern.opti.es\/wp-content\/uploads\/sites\/18\/2017\/03\/CAROLINA-HERRERA.png\" alt=\"carousel image\" \/><\/span><span class='second_image_holder has_hover_image'><img decoding=\"async\" itemprop=\"image\" src=\"https:\/\/modern.opti.es\/wp-content\/uploads\/sites\/18\/2017\/03\/CAROLINA-HERRERA-gris.png\" alt=\"carousel image\" \/><\/span><\/div><\/li><li class='item'><div class=\"carousel_item_holder\"><span class='first_image_holder has_hover_image'><img decoding=\"async\" itemprop=\"image\" src=\"https:\/\/modern.opti.es\/wp-content\/uploads\/sites\/18\/2017\/03\/POLICE.png\" alt=\"carousel image\" \/><\/span><span class='second_image_holder has_hover_image'><img decoding=\"async\" itemprop=\"image\" src=\"https:\/\/modern.opti.es\/wp-content\/uploads\/sites\/18\/2017\/03\/POLICE-gris.png\" alt=\"carousel image\" \/><\/span><\/div><\/li><li class='item'><div class=\"carousel_item_holder\"><span class='first_image_holder has_hover_image'><img decoding=\"async\" itemprop=\"image\" src=\"https:\/\/modern.opti.es\/wp-content\/uploads\/sites\/18\/2017\/03\/Maui-JIM.png\" alt=\"carousel image\" \/><\/span><span class='second_image_holder has_hover_image'><img decoding=\"async\" itemprop=\"image\" src=\"https:\/\/modern.opti.es\/wp-content\/uploads\/sites\/18\/2017\/03\/Maui-JIM-gris.png\" alt=\"carousel image\" \/><\/span><\/div><\/li><li class='item'><div class=\"carousel_item_holder\"><span class='first_image_holder has_hover_image'><img decoding=\"async\" itemprop=\"image\" src=\"https:\/\/opticavalero.com\/wp-content\/uploads\/2017\/04\/NANO.png\" alt=\"carousel image\" \/><\/span><span class='second_image_holder has_hover_image'><img decoding=\"async\" itemprop=\"image\" src=\"https:\/\/opticavalero.com\/wp-content\/uploads\/2017\/04\/NANO-gris.png\" alt=\"carousel image\" \/><\/span><\/div><\/li><li class='item'><div class=\"carousel_item_holder\"><span class='first_image_holder has_hover_image'><img decoding=\"async\" itemprop=\"image\" src=\"https:\/\/opticavalero.com\/wp-content\/uploads\/2017\/04\/ti22-1.png\" alt=\"carousel image\" \/><\/span><span class='second_image_holder has_hover_image'><img decoding=\"async\" itemprop=\"image\" src=\"https:\/\/opticavalero.com\/wp-content\/uploads\/2017\/04\/ti22-gris.png\" alt=\"carousel image\" \/><\/span><\/div><\/li><li class='item'><div class=\"carousel_item_holder\"><span class='first_image_holder has_hover_image'><img decoding=\"async\" itemprop=\"image\" src=\"https:\/\/opticavalero.com\/wp-content\/uploads\/2022\/02\/PRODESIGN-DENMARK.png\" alt=\"carousel image\" \/><\/span><span class='second_image_holder has_hover_image'><img decoding=\"async\" itemprop=\"image\" src=\"https:\/\/opticavalero.com\/wp-content\/uploads\/2022\/02\/PRODESIGN-DENMARK-1.png\" alt=\"carousel image\" \/><\/span><\/div><\/li><li class='item'><div class=\"carousel_item_holder\"><span class='first_image_holder has_hover_image'><img decoding=\"async\" itemprop=\"image\" src=\"https:\/\/opticavalero.com\/wp-content\/uploads\/2022\/02\/SKECHERS.png\" alt=\"carousel image\" \/><\/span><span class='second_image_holder has_hover_image'><img decoding=\"async\" itemprop=\"image\" src=\"https:\/\/opticavalero.com\/wp-content\/uploads\/2022\/02\/SKECHERS-1.png\" alt=\"carousel image\" \/><\/span><\/div><\/li><li class='item'><div class=\"carousel_item_holder\"><span class='first_image_holder has_hover_image'><img decoding=\"async\" itemprop=\"image\" src=\"https:\/\/opticavalero.com\/wp-content\/uploads\/2022\/02\/SCALPERS.png\" alt=\"carousel image\" \/><\/span><span class='second_image_holder has_hover_image'><img decoding=\"async\" itemprop=\"image\" src=\"https:\/\/opticavalero.com\/wp-content\/uploads\/2022\/02\/SCALPERS-1.png\" alt=\"carousel image\" \/><\/span><\/div><\/li><li class='item'><div class=\"carousel_item_holder\"><span class='first_image_holder has_hover_image'><img decoding=\"async\" itemprop=\"image\" src=\"https:\/\/opticavalero.com\/wp-content\/uploads\/2022\/02\/SWAROSKI.png\" alt=\"carousel image\" \/><\/span><span class='second_image_holder has_hover_image'><img decoding=\"async\" itemprop=\"image\" src=\"https:\/\/opticavalero.com\/wp-content\/uploads\/2022\/02\/SWAROSKI-1.png\" alt=\"carousel image\" \/><\/span><\/div><\/li><li class='item'><div class=\"carousel_item_holder\"><span class='first_image_holder has_hover_image'><img decoding=\"async\" itemprop=\"image\" src=\"https:\/\/opticavalero.com\/wp-content\/uploads\/2022\/02\/ANA-HICKMAN.png\" alt=\"carousel image\" \/><\/span><span class='second_image_holder has_hover_image'><img decoding=\"async\" itemprop=\"image\" src=\"https:\/\/opticavalero.com\/wp-content\/uploads\/2022\/02\/ANA-HICKMAN-1.png\" alt=\"carousel image\" \/><\/span><\/div><\/li><\/ul><\/div><\/div>[\/vc_column][\/vc_row][vc_row css_animation=\u00bb\u00bb row_type=\u00bbrow\u00bb use_row_as_full_screen_section=\u00bbno\u00bb type=\u00bbfull_width\u00bb angled_section=\u00bbno\u00bb text_align=\u00bbleft\u00bb background_image_as_pattern=\u00bbwithout_pattern\u00bb][vc_column][vc_text_separator title=\u00bbPROMOCIONES\u00bb border=\u00bbno\u00bb background_color=\u00bb#ffffff\u00bb title_color=\u00bb#3b302c\u00bb][\/vc_column][\/vc_row][vc_row css_animation=\u00bb\u00bb row_type=\u00bbrow\u00bb use_row_as_full_screen_section=\u00bbno\u00bb type=\u00bbgrid\u00bb angled_section=\u00bbno\u00bb text_align=\u00bbcenter\u00bb background_image_as_pattern=\u00bbwithout_pattern\u00bb][vc_column width=\u00bb1\/2&#8243;]<div id=\"mpc_image-946605\" onclick=\"\" class=\"mpc-image mpc-inited\" style=\"opacity:1;\"><div class=\"mpc-item mpc-transition\"><img loading=\"lazy\" decoding=\"async\" width=\"300\" height=\"150\" src=\"https:\/\/opticavalero.com\/wp-content\/uploads\/2023\/02\/RB3636_RX3636V__42.33x21.17-40599uil0tf6hxw.jpg\" class=\"mpc-transition attachment-medium\" alt=\"\" srcset=\"https:\/\/opticavalero.com\/wp-content\/uploads\/2023\/02\/RB3636_RX3636V__42.33x21.17-40599uil0tf6hxw-300x150.jpg 300w, https:\/\/opticavalero.com\/wp-content\/uploads\/2023\/02\/RB3636_RX3636V__42.33x21.17-40599uil0tf6hxw-768x384.jpg 768w, https:\/\/opticavalero.com\/wp-content\/uploads\/2023\/02\/RB3636_RX3636V__42.33x21.17-40599uil0tf6hxw-1024x512.jpg 1024w, https:\/\/opticavalero.com\/wp-content\/uploads\/2023\/02\/RB3636_RX3636V__42.33x21.17-40599uil0tf6hxw-1000x500.jpg 1000w, https:\/\/opticavalero.com\/wp-content\/uploads\/2023\/02\/RB3636_RX3636V__42.33x21.17-40599uil0tf6hxw-700x350.jpg 700w, https:\/\/opticavalero.com\/wp-content\/uploads\/2023\/02\/RB3636_RX3636V__42.33x21.17-40599uil0tf6hxw.jpg 1200w\" sizes=\"auto, (max-width: 300px) 100vw, 300px\"><\/div><\/div>[vc_empty_space][\/vc_column][vc_column width=\u00bb1\/2&#8243;]<div id=\"mpc_image-891200\" onclick=\"\" class=\"mpc-image mpc-inited\" style=\"opacity:1;\"><div class=\"mpc-item mpc-transition\"><img loading=\"lazy\" decoding=\"async\" width=\"300\" height=\"150\" src=\"https:\/\/opticavalero.com\/wp-content\/uploads\/2023\/02\/OO9460_G__42.33x21.17-40599ujkv9gxnof.jpg\" class=\"mpc-transition attachment-medium\" alt=\"\" srcset=\"https:\/\/opticavalero.com\/wp-content\/uploads\/2023\/02\/OO9460_G__42.33x21.17-40599ujkv9gxnof-300x150.jpg 300w, https:\/\/opticavalero.com\/wp-content\/uploads\/2023\/02\/OO9460_G__42.33x21.17-40599ujkv9gxnof-768x384.jpg 768w, https:\/\/opticavalero.com\/wp-content\/uploads\/2023\/02\/OO9460_G__42.33x21.17-40599ujkv9gxnof-1024x512.jpg 1024w, https:\/\/opticavalero.com\/wp-content\/uploads\/2023\/02\/OO9460_G__42.33x21.17-40599ujkv9gxnof-1000x500.jpg 1000w, https:\/\/opticavalero.com\/wp-content\/uploads\/2023\/02\/OO9460_G__42.33x21.17-40599ujkv9gxnof-700x350.jpg 700w, https:\/\/opticavalero.com\/wp-content\/uploads\/2023\/02\/OO9460_G__42.33x21.17-40599ujkv9gxnof.jpg 1200w\" sizes=\"auto, (max-width: 300px) 100vw, 300px\"><\/div><\/div>[vc_empty_space][\/vc_column][\/vc_row][vc_row css_animation=\u00bb\u00bb row_type=\u00bbrow\u00bb use_row_as_full_screen_section=\u00bbno\u00bb type=\u00bbfull_width\u00bb angled_section=\u00bbno\u00bb text_align=\u00bbcenter\u00bb background_image_as_pattern=\u00bbwithout_pattern\u00bb][vc_column]<div class=\"qode-banner qode-banner-va-center\"><div class=\"qode-banner-image\"><img decoding=\"async\" itemprop=\"image\" src=\"https:\/\/opticavalero.com\/wp-content\/uploads\/2023\/02\/unnamed-1.gif\" alt=\"\" \/><\/div><div class=\"qode-banner-content\"><div class=\"qode-banner-content-inner\"><div class=\"qode-banner-text-holder\"><\/div><\/div><\/div><\/div>[vc_empty_space]<div class=\"qode-banner qode-banner-va-center\"><a class=\"qode-banner-link\" href=\"https:\/\/oticon.dsicom.es\/2022\/septiembre\/OticonDice\/index.html\" target=\"_self\"><\/a><div class=\"qode-banner-image\"><img decoding=\"async\" itemprop=\"image\" src=\"https:\/\/opticavalero.com\/wp-content\/uploads\/2022\/09\/FB-Oticon-2022-Post-con-enlace-Clic-1200x627.png\" alt=\"\" \/><\/div><div class=\"qode-banner-content\"><div class=\"qode-banner-content-inner\"><div class=\"qode-banner-text-holder\">\n<h1><span style=\"color: #ffffff;\"><strong>\u00a1Pon tu cerebro a prueba!<\/strong><\/span><\/h1>\n<p>&nbsp;<\/div><\/div><\/div><\/div>[\/vc_column][\/vc_row]<\/p>\n<\/div>","protected":false},"excerpt":{"rendered":"<p>[vc_row css_animation=\u00bb\u00bb row_type=\u00bbrow\u00bb use_row_as_full_screen_section=\u00bbno\u00bb type=\u00bbfull_width\u00bb angled_section=\u00bbno\u00bb text_align=\u00bbleft\u00bb background_image_as_pattern=\u00bbwithout_pattern\u00bb][vc_column][vc_separator type=\u00bbnormal\u00bb][vc_gallery interval=\u00bb3&#8243; images=\u00bb17288,17286,17253&#8243; img_size=\u00bbfull\u00bb onclick=\u00bb\u00bb][vc_empty_space][vc_single_image image=\u00bb17298&#8243; img_size=\u00bbfull\u00bb alignment=\u00bbcenter\u00bb onclick=\u00bbcustom_link\u00bb qode_css_animation=\u00bb\u00bb link=\u00bbhttps:\/\/opticavalero.com\/es\/la-optica\/\u00bb][vc_empty_space][\/vc_column][\/vc_row][vc_row css_animation=\u00bb\u00bb row_type=\u00bbrow\u00bb use_row_as_full_screen_section=\u00bbno\u00bb type=\u00bbfull_width\u00bb angled_section=\u00bbno\u00bb text_align=\u00bbcenter\u00bb background_image_as_pattern=\u00bbwithout_pattern\u00bb padding_top=\u00bb40&#8243;][vc_column][vc_text_separator title=\u00bbAcerca de \u00d3PTICA VALERO\u00bb border=\u00bbno\u00bb background_color=\u00bb#ffffff\u00bb title_color=\u00bb#3b302c\u00bb][vc_separator type=\u00bbtransparent\u00bb up=\u00bb10&#8243; down=\u00bb0&#8243;][vc_column_text css=\u00bb.vc_custom_1642062371519{padding-right: 7% !important;padding-left: 7% !important;}\u00bb]Tenemos m\u00e1s de 15&#8230;<\/p>\n","protected":false},"author":12,"featured_media":17246,"parent":0,"menu_order":0,"comment_status":"open","ping_status":"open","template":"","meta":{"_acf_changed":false,"footnotes":""},"class_list":["post-15402","page","type-page","status-publish","has-post-thumbnail","hentry"],"acf":[],"_links":{"self":[{"href":"https:\/\/opticavalero.com\/es\/wp-json\/wp\/v2\/pages\/15402","targetHints":{"allow":["GET"]}}],"collection":[{"href":"https:\/\/opticavalero.com\/es\/wp-json\/wp\/v2\/pages"}],"about":[{"href":"https:\/\/opticavalero.com\/es\/wp-json\/wp\/v2\/types\/page"}],"author":[{"embeddable":true,"href":"https:\/\/opticavalero.com\/es\/wp-json\/wp\/v2\/users\/12"}],"replies":[{"embeddable":true,"href":"https:\/\/opticavalero.com\/es\/wp-json\/wp\/v2\/comments?post=15402"}],"version-history":[{"count":35,"href":"https:\/\/opticavalero.com\/es\/wp-json\/wp\/v2\/pages\/15402\/revisions"}],"predecessor-version":[{"id":17304,"href":"https:\/\/opticavalero.com\/es\/wp-json\/wp\/v2\/pages\/15402\/revisions\/17304"}],"wp:featuredmedia":[{"embeddable":true,"href":"https:\/\/opticavalero.com\/es\/wp-json\/wp\/v2\/media\/17246"}],"wp:attachment":[{"href":"https:\/\/opticavalero.com\/es\/wp-json\/wp\/v2\/media?parent=15402"}],"curies":[{"name":"wp","href":"https:\/\/api.w.org\/{rel}","templated":true}]}}